{"id":892,"date":"2015-04-07T22:25:01","date_gmt":"2015-04-07T21:25:01","guid":{"rendered":"http:\/\/www.bastidedefontvieille.com\/?page_id=892"},"modified":"2020-05-25T15:02:11","modified_gmt":"2020-05-25T14:02:11","slug":"chambres-dhotes-de-charme","status":"publish","type":"page","link":"https:\/\/www.bastidedefontvieille.com\/en\/chambres-dhotes-de-charme\/","title":{"rendered":"Chambres de charme"},"content":{"rendered":"<p>[vc_row css=&#8221;.vc_custom_1454080831976{margin-bottom: 0px !important;border-bottom-width: 0px !important;padding-bottom: 0px !important;}&#8221;][vc_column][vc_column_text]<\/p>\n<h1 style=\"text-align: center;\"><strong>Chambres d&#8217;h\u00f4tes de charme<\/strong><\/h1>\n<p style=\"text-align: center;\">La Bastide de Fontvieille\u00a0vous propose 2\u00a0suites et 2 chambres d&#8217;h\u00f4tes de charme d\u00e9cor\u00e9es avec \u00e9l\u00e9gance et\u00a0raffinement. Transform\u00e9e au fil des si\u00e8cles, nous avons volontairement conserv\u00e9 l&#8217;esprit &#8220;maison de famille&#8221; de cette ancienne ferme viticole du 18\u00e8 si\u00e8cle.<\/p>\n<h2 style=\"text-align: center;\"><strong>Chambres d&#8217;h\u00f4tes &amp; Charme proven\u00e7al<\/strong><\/h2>\n<p style=\"text-align: center;\">Les meubles chin\u00e9s et patin\u00e9s s&#8217;inspirent de\u00a0l&#8217;ambiance des maisons de campagne Proven\u00e7ale. Les couleurs douces de lin, de blanc et de ficelle seront propices au repos et \u00e0 la d\u00e9tente.\u00a0D\u00e9couvrez nos suites et chambres double\u2026<\/p>\n<p>[\/vc_column_text][\/vc_column][\/vc_row][vc_row css=&#8221;.vc_custom_1454080844857{margin-top: 0px !important;border-top-width: 0px !important;padding-top: 0px !important;}&#8221;][vc_column]<div id=\"grid-container\" class=\"cbp-l-grid-masonry\"><ul><li class=\"cbp-item  les-suites-chambres cbp-l-grid-masonry-height2\">\n\n                    <a class=\"cbp-caption  \" data-title=\"Suite les vignes\" href=\"https:\/\/www.bastidedefontvieille.com\/en\/chambres-dhotes-de-charme\/suite-les-vignes\/\">\n                        <div class=\"cbp-caption-defaultWrap\">\n                            <img decoding=\"async\" src=\"https:\/\/www.bastidedefontvieille.com\/wp-content\/uploads\/2015\/04\/vignesFeat1-270x405.jpg\" alt=\"Suite les vignes\">\n                        <\/div>\n                        <div class=\"cbp-caption-activeWrap\">\n                            <div class=\"cbp-l-caption-alignCenter\">\n                                <div class=\"cbp-l-caption-body\">\n                                    <div class=\"cbp-l-caption-title\">Suite les vignes<\/div>\n                                    <div class=\"cbp-l-caption-desc\"><\/div>\n                                <\/div>\n                            <\/div>\n                        <\/div>\n                    <\/a>\n\n                <\/li><li class=\"cbp-item  les-suites-chambres cbp-l-grid-masonry-height2\">\n\n                    <a class=\"cbp-caption  \" data-title=\"Suite le puits\" href=\"https:\/\/www.bastidedefontvieille.com\/en\/chambres-dhotes-de-charme\/le-puits\/\">\n                        <div class=\"cbp-caption-defaultWrap\">\n                            <img decoding=\"async\" src=\"https:\/\/www.bastidedefontvieille.com\/wp-content\/uploads\/2015\/04\/lepuitsFeat1-270x405.jpg\" alt=\"Suite le puits\">\n                        <\/div>\n                        <div class=\"cbp-caption-activeWrap\">\n                            <div class=\"cbp-l-caption-alignCenter\">\n                                <div class=\"cbp-l-caption-body\">\n                                    <div class=\"cbp-l-caption-title\">Suite le puits<\/div>\n                                    <div class=\"cbp-l-caption-desc\"><\/div>\n                                <\/div>\n                            <\/div>\n                        <\/div>\n                    <\/a>\n\n                <\/li><li class=\"cbp-item  les-suites-chambres cbp-l-grid-masonry-height2\">\n\n                    <a class=\"cbp-caption  \" data-title=\"Chambre l\u2019olivier\" href=\"https:\/\/www.bastidedefontvieille.com\/en\/chambres-dhotes-de-charme\/lolivier\/\">\n                        <div class=\"cbp-caption-defaultWrap\">\n                            <img decoding=\"async\" src=\"https:\/\/www.bastidedefontvieille.com\/wp-content\/uploads\/2015\/04\/lolivierFeat-270x405.jpg\" alt=\"Chambre l\u2019olivier\">\n                        <\/div>\n                        <div class=\"cbp-caption-activeWrap\">\n                            <div class=\"cbp-l-caption-alignCenter\">\n                                <div class=\"cbp-l-caption-body\">\n                                    <div class=\"cbp-l-caption-title\">Chambre l\u2019olivier<\/div>\n                                    <div class=\"cbp-l-caption-desc\"><\/div>\n                                <\/div>\n                            <\/div>\n                        <\/div>\n                    <\/a>\n\n                <\/li><li class=\"cbp-item  les-suites-chambres cbp-l-grid-masonry-height2\">\n\n                    <a class=\"cbp-caption  \" data-title=\"Chambre le platane\" href=\"https:\/\/www.bastidedefontvieille.com\/en\/chambres-dhotes-de-charme\/le-platane\/\">\n                        <div class=\"cbp-caption-defaultWrap\">\n                            <img decoding=\"async\" src=\"https:\/\/www.bastidedefontvieille.com\/wp-content\/uploads\/2015\/04\/leplataneFeat-270x405.jpg\" alt=\"Chambre le platane\">\n                        <\/div>\n                        <div class=\"cbp-caption-activeWrap\">\n                            <div class=\"cbp-l-caption-alignCenter\">\n                                <div class=\"cbp-l-caption-body\">\n                                    <div class=\"cbp-l-caption-title\">Chambre le platane<\/div>\n                                    <div class=\"cbp-l-caption-desc\"><\/div>\n                                <\/div>\n                            <\/div>\n                        <\/div>\n                    <\/a>\n\n                <\/li><\/ul><\/div><!--End #grid-container-->[\/vc_column][\/vc_row]<\/p>\n","protected":false},"excerpt":{"rendered":"<p>[vc_row css=&#8221;.vc_custom_1454080831976{margin-bottom: 0px !important;border-bottom-width: 0px !important;padding-bottom: 0px !important;}&#8221;][vc_column][vc_column_text] Chambres d&#8217;h\u00f4tes de charme La Bastide de Fontvieille\u00a0vous propose 2\u00a0suites et 2 chambres d&#8217;h\u00f4tes de charme d\u00e9cor\u00e9es avec \u00e9l\u00e9gance et\u00a0raffinement. Transform\u00e9e au fil des si\u00e8cles, nous avons volontairement conserv\u00e9 l&#8217;esprit &#8220;maison de famille&#8221; de cette ancienne ferme viticole du 18\u00e8 si\u00e8cle. Chambres d&#8217;h\u00f4tes &amp; Charme proven\u00e7al Les [&hellip;]<\/p>\n","protected":false},"author":5,"featured_media":1773,"parent":0,"menu_order":0,"comment_status":"open","ping_status":"closed","template":"template-galerie.php","meta":{"footnotes":""},"_links":{"self":[{"href":"https:\/\/www.bastidedefontvieille.com\/en\/wp-json\/wp\/v2\/pages\/892"}],"collection":[{"href":"https:\/\/www.bastidedefontvieille.com\/en\/wp-json\/wp\/v2\/pages"}],"about":[{"href":"https:\/\/www.bastidedefontvieille.com\/en\/wp-json\/wp\/v2\/types\/page"}],"author":[{"embeddable":true,"href":"https:\/\/www.bastidedefontvieille.com\/en\/wp-json\/wp\/v2\/users\/5"}],"replies":[{"embeddable":true,"href":"https:\/\/www.bastidedefontvieille.com\/en\/wp-json\/wp\/v2\/comments?post=892"}],"version-history":[{"count":28,"href":"https:\/\/www.bastidedefontvieille.com\/en\/wp-json\/wp\/v2\/pages\/892\/revisions"}],"predecessor-version":[{"id":1791,"href":"https:\/\/www.bastidedefontvieille.com\/en\/wp-json\/wp\/v2\/pages\/892\/revisions\/1791"}],"wp:featuredmedia":[{"embeddable":true,"href":"https:\/\/www.bastidedefontvieille.com\/en\/wp-json\/wp\/v2\/media\/1773"}],"wp:attachment":[{"href":"https:\/\/www.bastidedefontvieille.com\/en\/wp-json\/wp\/v2\/media?parent=892"}],"curies":[{"name":"wp","href":"https:\/\/api.w.org\/{rel}","templated":true}]}}