{"id":1604,"date":"2018-11-27T12:14:10","date_gmt":"2018-11-27T11:14:10","guid":{"rendered":"https:\/\/www.bastidedefontvieille.com\/?page_id=1604"},"modified":"2018-11-27T12:14:10","modified_gmt":"2018-11-27T11:14:10","slug":"privacy-policy","status":"publish","type":"page","link":"https:\/\/www.bastidedefontvieille.com\/en\/privacy-policy\/","title":{"rendered":"Privacy Policy"},"content":{"rendered":"<p>[vc_row][vc_column width=&#8221;1\/1&#8243;][vc_column_text]<\/p>\n<h1>Mentions l\u00e9gales<\/h1>\n<p><strong>EDITEUR DU SITE<br \/>\n<\/strong>Bastide de Fontvieille<\/p>\n<p><strong>DIRECTEUR DE LA PUBLICATION<br \/>\n<\/strong>St\u00e9phanie Pr\u00e9vost<\/p>\n<p><strong>SITE INTERNET ET CONCEPTEUR DE LOGICIEL<br \/>\n<\/strong>\u00a0Agence Spinat<\/p>\n<p><strong>H\u00c9BERGEMENT<br \/>\n<\/strong>Haisoft<\/p>\n<p><strong>DONN\u00c9ES PERSONNELLES<br \/>\n<\/strong>Les informations personnelles collect\u00e9es soit par les formulaires de contact et courriels soit par les cookies sont r\u00e9serv\u00e9es \u00e0 l\u2019usage interne de notre soci\u00e9t\u00e9. En aucun cas elles ne seront communiqu\u00e9es \u00e0 des tiers en vue d\u2019exploitation commerciale ou de proposition de produits ou de services.<\/p>\n<p><strong>DROITS \u00c0 LA PROPRI\u00c9T\u00c9 INTELLECTUELLE<br \/>\n<\/strong>L\u2019ensemble de l\u2019\u00e9dition de nos sites, les marques, logos, dessins, mod\u00e8les et vid\u00e9os ainsi que le contenu infographique, sont la propri\u00e9t\u00e9 exclusive de la soci\u00e9t\u00e9 Bastide de Fontvieille. \u2028Le ou les sites internet dans leurs contenus, leurs chartes graphiques, leurs arborescences, les utilitaires et logiciels d\u00e9velopp\u00e9s sp\u00e9cifiques et tout signe distinctif sont prot\u00e9g\u00e9s et ne peuvent \u00eatre reproduits, modifi\u00e9s ou contrefaits selon les dispositions du Code de la propri\u00e9t\u00e9 intellectuelle. L\u2019alt\u00e9ration de cette propri\u00e9t\u00e9 intellectuelle entra\u00eenerait des poursuites devant les juridictions comp\u00e9tentes en mati\u00e8re de violation de cette propri\u00e9t\u00e9.[\/vc_column_text][\/vc_column][\/vc_row]<\/p>\n","protected":false},"excerpt":{"rendered":"<p>[vc_row][vc_column width=&#8221;1\/1&#8243;][vc_column_text] Mentions l\u00e9gales EDITEUR DU SITE Bastide de Fontvieille DIRECTEUR DE LA PUBLICATION St\u00e9phanie Pr\u00e9vost SITE INTERNET ET CONCEPTEUR DE LOGICIEL \u00a0Agence Spinat H\u00c9BERGEMENT Haisoft DONN\u00c9ES PERSONNELLES Les informations personnelles collect\u00e9es soit par les formulaires de contact et courriels soit par les cookies sont r\u00e9serv\u00e9es \u00e0 l\u2019usage interne de notre soci\u00e9t\u00e9. En aucun cas [&hellip;]<\/p>\n","protected":false},"author":5,"featured_media":0,"parent":0,"menu_order":0,"comment_status":"closed","ping_status":"closed","template":"template-galerie.php","meta":{"footnotes":""},"_links":{"self":[{"href":"https:\/\/www.bastidedefontvieille.com\/en\/wp-json\/wp\/v2\/pages\/1604"}],"collection":[{"href":"https:\/\/www.bastidedefontvieille.com\/en\/wp-json\/wp\/v2\/pages"}],"about":[{"href":"https:\/\/www.bastidedefontvieille.com\/en\/wp-json\/wp\/v2\/types\/page"}],"author":[{"embeddable":true,"href":"https:\/\/www.bastidedefontvieille.com\/en\/wp-json\/wp\/v2\/users\/5"}],"replies":[{"embeddable":true,"href":"https:\/\/www.bastidedefontvieille.com\/en\/wp-json\/wp\/v2\/comments?post=1604"}],"version-history":[{"count":1,"href":"https:\/\/www.bastidedefontvieille.com\/en\/wp-json\/wp\/v2\/pages\/1604\/revisions"}],"predecessor-version":[{"id":1606,"href":"https:\/\/www.bastidedefontvieille.com\/en\/wp-json\/wp\/v2\/pages\/1604\/revisions\/1606"}],"wp:attachment":[{"href":"https:\/\/www.bastidedefontvieille.com\/en\/wp-json\/wp\/v2\/media?parent=1604"}],"curies":[{"name":"wp","href":"https:\/\/api.w.org\/{rel}","templated":true}]}}